{"id":7,"date":"2013-02-03T21:11:39","date_gmt":"2013-02-03T20:11:39","guid":{"rendered":"http:\/\/bubbul.com\/?page_id=7"},"modified":"2013-03-06T18:30:27","modified_gmt":"2013-03-06T17:30:27","slug":"qui-est-ce","status":"publish","type":"page","link":"https:\/\/www.bubbul.com\/?page_id=7","title":{"rendered":"A propos"},"content":{"rendered":"<h2>De moi :<\/h2>\n<p>Je s\u00e9vis dans l&rsquo;univers des moyens de test.<br \/>\nPhotographe amateur depuis 4ans.<\/p>\n<h2>Du site :<\/h2>\n<p>J&rsquo;ai cr\u00e9\u00e9 le th\u00e8me \u00e0 partir du th\u00e8me <a title=\"The Search Engine Guys, LLC\" href=\"http:\/\/tsegwordpressthemes.com\" target=\"_blank\">Steampunk<\/a>. Je l&rsquo;ai modifi\u00e9 \u00e0 mon gout.<br \/>\nLe police du titre principal est\u00a0\u00a0<strong>Summertime<\/strong>\u00a0par <a title=\"Sara\" href=\"http:\/\/www.saraarts.com\/\" target=\"_blank\">Sara<\/a>.<\/p>\n","protected":false},"excerpt":{"rendered":"<p>De moi : Je s\u00e9vis dans l&rsquo;univers des moyens de test. Photographe amateur depuis 4ans. Du site : J&rsquo;ai cr\u00e9\u00e9 le th\u00e8me \u00e0 partir du th\u00e8me Steampunk. Je l&rsquo;ai modifi\u00e9 \u00e0 mon gout. Le police du titre principal est\u00a0\u00a0Summertime\u00a0par Sara.<\/p>\n","protected":false},"author":1,"featured_media":0,"parent":0,"menu_order":0,"comment_status":"open","ping_status":"open","template":"","meta":[],"yoast_head":"<!-- This site is optimized with the Yoast SEO plugin v18.8 - https:\/\/yoast.com\/wordpress\/plugins\/seo\/ -->\n<title>A propos - Bubbul.com<\/title>\n<meta name=\"robots\" content=\"index, follow, max-snippet:-1, max-image-preview:large, max-video-preview:-1\" \/>\n<link rel=\"canonical\" href=\"https:\/\/www.bubbul.com\/?page_id=7\" \/>\n<meta property=\"og:locale\" content=\"fr_FR\" \/>\n<meta property=\"og:type\" content=\"article\" \/>\n<meta property=\"og:title\" content=\"A propos - Bubbul.com\" \/>\n<meta property=\"og:description\" content=\"De moi : Je s\u00e9vis dans l&rsquo;univers des moyens de test. Photographe amateur depuis 4ans. Du site : J&rsquo;ai cr\u00e9\u00e9 le th\u00e8me \u00e0 partir du th\u00e8me Steampunk. Je l&rsquo;ai modifi\u00e9 \u00e0 mon gout. Le police du titre principal est\u00a0\u00a0Summertime\u00a0par Sara.\" \/>\n<meta property=\"og:url\" content=\"https:\/\/www.bubbul.com\/?page_id=7\" \/>\n<meta property=\"og:site_name\" content=\"Bubbul.com\" \/>\n<meta property=\"article:modified_time\" content=\"2013-03-06T17:30:27+00:00\" \/>\n<meta name=\"twitter:card\" content=\"summary_large_image\" \/>\n<script type=\"application\/ld+json\" class=\"yoast-schema-graph\">{\"@context\":\"https:\/\/schema.org\",\"@graph\":[{\"@type\":\"WebSite\",\"@id\":\"https:\/\/www.bubbul.com\/#website\",\"url\":\"https:\/\/www.bubbul.com\/\",\"name\":\"Bubbul.com\",\"description\":\"\",\"potentialAction\":[{\"@type\":\"SearchAction\",\"target\":{\"@type\":\"EntryPoint\",\"urlTemplate\":\"https:\/\/www.bubbul.com\/?s={search_term_string}\"},\"query-input\":\"required name=search_term_string\"}],\"inLanguage\":\"fr-FR\"},{\"@type\":\"WebPage\",\"@id\":\"https:\/\/www.bubbul.com\/?page_id=7#webpage\",\"url\":\"https:\/\/www.bubbul.com\/?page_id=7\",\"name\":\"A propos - Bubbul.com\",\"isPartOf\":{\"@id\":\"https:\/\/www.bubbul.com\/#website\"},\"datePublished\":\"2013-02-03T20:11:39+00:00\",\"dateModified\":\"2013-03-06T17:30:27+00:00\",\"breadcrumb\":{\"@id\":\"https:\/\/www.bubbul.com\/?page_id=7#breadcrumb\"},\"inLanguage\":\"fr-FR\",\"potentialAction\":[{\"@type\":\"ReadAction\",\"target\":[\"https:\/\/www.bubbul.com\/?page_id=7\"]}]},{\"@type\":\"BreadcrumbList\",\"@id\":\"https:\/\/www.bubbul.com\/?page_id=7#breadcrumb\",\"itemListElement\":[{\"@type\":\"ListItem\",\"position\":1,\"name\":\"Accueil\",\"item\":\"https:\/\/www.bubbul.com\/\"},{\"@type\":\"ListItem\",\"position\":2,\"name\":\"A propos\"}]}]}<\/script>\n<!-- \/ Yoast SEO plugin. -->","yoast_head_json":{"title":"A propos - Bubbul.com","robots":{"index":"index","follow":"follow","max-snippet":"max-snippet:-1","max-image-preview":"max-image-preview:large","max-video-preview":"max-video-preview:-1"},"canonical":"https:\/\/www.bubbul.com\/?page_id=7","og_locale":"fr_FR","og_type":"article","og_title":"A propos - Bubbul.com","og_description":"De moi : Je s\u00e9vis dans l&rsquo;univers des moyens de test. Photographe amateur depuis 4ans. Du site : J&rsquo;ai cr\u00e9\u00e9 le th\u00e8me \u00e0 partir du th\u00e8me Steampunk. Je l&rsquo;ai modifi\u00e9 \u00e0 mon gout. Le police du titre principal est\u00a0\u00a0Summertime\u00a0par Sara.","og_url":"https:\/\/www.bubbul.com\/?page_id=7","og_site_name":"Bubbul.com","article_modified_time":"2013-03-06T17:30:27+00:00","twitter_card":"summary_large_image","schema":{"@context":"https:\/\/schema.org","@graph":[{"@type":"WebSite","@id":"https:\/\/www.bubbul.com\/#website","url":"https:\/\/www.bubbul.com\/","name":"Bubbul.com","description":"","potentialAction":[{"@type":"SearchAction","target":{"@type":"EntryPoint","urlTemplate":"https:\/\/www.bubbul.com\/?s={search_term_string}"},"query-input":"required name=search_term_string"}],"inLanguage":"fr-FR"},{"@type":"WebPage","@id":"https:\/\/www.bubbul.com\/?page_id=7#webpage","url":"https:\/\/www.bubbul.com\/?page_id=7","name":"A propos - Bubbul.com","isPartOf":{"@id":"https:\/\/www.bubbul.com\/#website"},"datePublished":"2013-02-03T20:11:39+00:00","dateModified":"2013-03-06T17:30:27+00:00","breadcrumb":{"@id":"https:\/\/www.bubbul.com\/?page_id=7#breadcrumb"},"inLanguage":"fr-FR","potentialAction":[{"@type":"ReadAction","target":["https:\/\/www.bubbul.com\/?page_id=7"]}]},{"@type":"BreadcrumbList","@id":"https:\/\/www.bubbul.com\/?page_id=7#breadcrumb","itemListElement":[{"@type":"ListItem","position":1,"name":"Accueil","item":"https:\/\/www.bubbul.com\/"},{"@type":"ListItem","position":2,"name":"A propos"}]}]}},"_links":{"self":[{"href":"https:\/\/www.bubbul.com\/index.php?rest_route=\/wp\/v2\/pages\/7"}],"collection":[{"href":"https:\/\/www.bubbul.com\/index.php?rest_route=\/wp\/v2\/pages"}],"about":[{"href":"https:\/\/www.bubbul.com\/index.php?rest_route=\/wp\/v2\/types\/page"}],"author":[{"embeddable":true,"href":"https:\/\/www.bubbul.com\/index.php?rest_route=\/wp\/v2\/users\/1"}],"replies":[{"embeddable":true,"href":"https:\/\/www.bubbul.com\/index.php?rest_route=%2Fwp%2Fv2%2Fcomments&post=7"}],"version-history":[{"count":8,"href":"https:\/\/www.bubbul.com\/index.php?rest_route=\/wp\/v2\/pages\/7\/revisions"}],"predecessor-version":[{"id":9,"href":"https:\/\/www.bubbul.com\/index.php?rest_route=\/wp\/v2\/pages\/7\/revisions\/9"}],"wp:attachment":[{"href":"https:\/\/www.bubbul.com\/index.php?rest_route=%2Fwp%2Fv2%2Fmedia&parent=7"}],"curies":[{"name":"wp","href":"https:\/\/api.w.org\/{rel}","templated":true}]}}